{"id":5207,"date":"2023-07-21T15:31:27","date_gmt":"2023-07-21T15:31:27","guid":{"rendered":"https:\/\/club100online.com\/?page_id=5207"},"modified":"2023-09-04T14:50:40","modified_gmt":"2023-09-04T14:50:40","slug":"autofagi_mag-tarmkanalen","status":"publish","type":"page","link":"https:\/\/club100online.com\/index.php\/autofagi_mag-tarmkanalen\/","title":{"rendered":"autofagi_mag-tarmkanalen"},"content":{"rendered":"<p>[et_pb_section fb_built=&#8221;1&#8243; _builder_version=&#8221;4.16&#8243; _module_preset=&#8221;default&#8221; background_color=&#8221;#FFFFFF&#8221; custom_padding=&#8221;26px|||||&#8221; global_colors_info=&#8221;{}&#8221;][et_pb_row disabled_on=&#8221;off|off|on&#8221; _builder_version=&#8221;4.21.0&#8243; _module_preset=&#8221;default&#8221; global_colors_info=&#8221;{}&#8221;][et_pb_column type=&#8221;4_4&#8243; _builder_version=&#8221;4.21.0&#8243; _module_preset=&#8221;default&#8221; global_colors_info=&#8221;{}&#8221;][et_pb_image src=&#8221;http:\/\/club100online.com\/wp-content\/uploads\/2023\/07\/Autofagi_web.jpg&#8221; alt=&#8221;autofagi i cell&#8221; title_text=&#8221;Autofagi&#8221; align=&#8221;center&#8221; _builder_version=&#8221;4.21.0&#8243; _module_preset=&#8221;default&#8221; width=&#8221;100%&#8221; global_colors_info=&#8221;{}&#8221;][\/et_pb_image][\/et_pb_column][\/et_pb_row][et_pb_row column_structure=&#8221;1_4,1_2,1_4&#8243; disabled_on=&#8221;on|on|off&#8221; _builder_version=&#8221;4.21.0&#8243; _module_preset=&#8221;default&#8221; background_color=&#8221;#d16060&#8243; custom_padding=&#8221;16px|29px|16px|29px|true|true&#8221; border_radii=&#8221;on|6px|6px|6px|6px&#8221; global_colors_info=&#8221;{}&#8221;][et_pb_column type=&#8221;1_4&#8243; _builder_version=&#8221;4.16&#8243; _module_preset=&#8221;default&#8221; custom_padding=&#8221;|||47px|false|false&#8221; global_colors_info=&#8221;{}&#8221;][et_pb_image src=&#8221;http:\/\/club100online.com\/wp-content\/uploads\/2023\/07\/logo_autofagi.png&#8221; title_text=&#8221;Autofagi&#8221; disabled_on=&#8221;on|on|off&#8221; _builder_version=&#8221;4.21.0&#8243; _module_preset=&#8221;default&#8221; width=&#8221;45%&#8221; global_colors_info=&#8221;{}&#8221;][\/et_pb_image][\/et_pb_column][et_pb_column type=&#8221;1_2&#8243; _builder_version=&#8221;4.21.0&#8243; _module_preset=&#8221;default&#8221; global_colors_info=&#8221;{}&#8221;][et_pb_text _builder_version=&#8221;4.21.0&#8243; _module_preset=&#8221;default&#8221; header_font=&#8221;Open Sans|||on|||||&#8221; header_text_align=&#8221;left&#8221; header_text_color=&#8221;#FFFFFF&#8221; header_font_size=&#8221;27px&#8221; header_line_height=&#8221;1.3em&#8221; header_2_text_align=&#8221;left&#8221; text_orientation=&#8221;center&#8221; custom_margin=&#8221;|0px|||false|false&#8221; custom_padding=&#8221;5px|0px|0px|0px|false|false&#8221; header_text_shadow_style=&#8221;preset3&#8243; global_colors_info=&#8221;{}&#8221;]<\/p>\n<h1 style=\"text-align: center;\"><span style=\"color: #ffffff;\"><span style=\"font-family: Calibri, serif;\"><span style=\"font-family: Helvetica, serif;\"><b>Aktivera autofagi och kroppens viktiga funktioner<\/b><\/span><\/span><\/span><\/h1>\n<p>[\/et_pb_text][\/et_pb_column][et_pb_column type=&#8221;1_4&#8243; _builder_version=&#8221;4.21.0&#8243; _module_preset=&#8221;default&#8221; global_colors_info=&#8221;{}&#8221;][et_pb_image src=&#8221;http:\/\/club100online.com\/wp-content\/uploads\/2023\/07\/logo_autofagi.png&#8221; title_text=&#8221;Autofagi&#8221; align=&#8221;center&#8221; disabled_on=&#8221;on|on|off&#8221; _builder_version=&#8221;4.21.0&#8243; _module_preset=&#8221;default&#8221; width=&#8221;37%&#8221; global_colors_info=&#8221;{}&#8221;][\/et_pb_image][\/et_pb_column][\/et_pb_row][et_pb_row column_structure=&#8221;1_4,1_2,1_4&#8243; _builder_version=&#8221;4.21.0&#8243; _module_preset=&#8221;default&#8221; background_color=&#8221;#FFFFFF&#8221; global_colors_info=&#8221;{}&#8221;][et_pb_column type=&#8221;1_4&#8243; _builder_version=&#8221;4.21.0&#8243; _module_preset=&#8221;default&#8221; background_enable_color=&#8221;off&#8221; global_colors_info=&#8221;{}&#8221;][et_pb_text _builder_version=&#8221;4.21.0&#8243; _module_preset=&#8221;default&#8221; text_text_color=&#8221;#FFFFFF&#8221; header_2_font=&#8221;ABeeZee|700|||||||&#8221; header_2_text_align=&#8221;left&#8221; header_2_text_color=&#8221;#FFFFFF&#8221; header_2_font_size=&#8221;16px&#8221; background_color=&#8221;#006e7f&#8221; text_orientation=&#8221;justified&#8221; custom_padding=&#8221;9px||3px|14px|false|false&#8221; border_radii=&#8221;on|7px|7px|7px|7px&#8221; border_width_all=&#8221;1px&#8221; border_color_all=&#8221;#d9d9d9&#8243; global_colors_info=&#8221;{}&#8221;]<\/p>\n<h2>Huvud \u00f6vningar<\/h2>\n<p>[\/et_pb_text][et_pb_button button_url=&#8221;https:\/\/club100online.com\/index.php\/autofagi\/#video&#8221; button_text=&#8221;Ryggraden&#8221; _builder_version=&#8221;4.21.0&#8243; _module_preset=&#8221;default&#8221; custom_button=&#8221;on&#8221; button_text_size=&#8221;16px&#8221; button_text_color=&#8221;#FFFFFF&#8221; button_bg_color=&#8221;#07c1ac&#8221; button_border_radius=&#8221;27px&#8221; background_layout=&#8221;dark&#8221; custom_margin=&#8221;0px||6px||false|false&#8221; custom_padding=&#8221;4px|120px||27px|false|false&#8221; global_colors_info=&#8221;{}&#8221;][\/et_pb_button][et_pb_button button_url=&#8221;https:\/\/club100online.com\/index.php\/autofagi_sexuell\/#video&#8221; button_text=&#8221;K\u00f6nsorgan&#8221; button_alignment=&#8221;left&#8221; _builder_version=&#8221;4.21.0&#8243; _module_preset=&#8221;default&#8221; custom_button=&#8221;on&#8221; button_text_size=&#8221;16px&#8221; button_text_color=&#8221;#FFFFFF&#8221; button_bg_color=&#8221;#07c1ac&#8221; button_border_radius=&#8221;27px&#8221; background_layout=&#8221;dark&#8221; custom_margin=&#8221;0px||6px||false|false&#8221; custom_padding=&#8221;|119px||28px|false|false&#8221; global_colors_info=&#8221;{}&#8221;][\/et_pb_button][et_pb_button button_url=&#8221;https:\/\/club100online.com\/index.php\/autofagi_hormoner\/#video&#8221; button_text=&#8221;Balansera hormonerna&#8221; button_alignment=&#8221;left&#8221; _builder_version=&#8221;4.21.0&#8243; _module_preset=&#8221;default&#8221; custom_button=&#8221;on&#8221; button_text_size=&#8221;16px&#8221; button_text_color=&#8221;#FFFFFF&#8221; button_bg_color=&#8221;#07c1ac&#8221; button_border_radius=&#8221;27px&#8221; background_layout=&#8221;dark&#8221; custom_margin=&#8221;0px||6px||false|false&#8221; custom_padding=&#8221;|27px||27px|false|false&#8221; global_colors_info=&#8221;{}&#8221;][\/et_pb_button][et_pb_button button_url=&#8221;https:\/\/club100online.com\/index.php\/autofagi_andningsystemet\/#video&#8221; button_text=&#8221;Andningsystemet&#8221; button_alignment=&#8221;left&#8221; _builder_version=&#8221;4.21.0&#8243; _module_preset=&#8221;default&#8221; custom_button=&#8221;on&#8221; button_text_size=&#8221;16px&#8221; button_text_color=&#8221;#FFFFFF&#8221; button_bg_color=&#8221;#07c1ac&#8221; button_border_radius=&#8221;27px&#8221; background_layout=&#8221;dark&#8221; custom_margin=&#8221;0px||6px||false|false&#8221; custom_padding=&#8221;|71px||27px|false|false&#8221; global_colors_info=&#8221;{}&#8221;][\/et_pb_button][et_pb_button button_url=&#8221;https:\/\/club100online.com\/index.php\/autofagi_immunsystemet\/#video&#8221; button_text=&#8221;Immunsystemet&#8221; button_alignment=&#8221;left&#8221; _builder_version=&#8221;4.21.0&#8243; _module_preset=&#8221;default&#8221; custom_button=&#8221;on&#8221; button_text_size=&#8221;16px&#8221; button_text_color=&#8221;#FFFFFF&#8221; button_bg_color=&#8221;#07c1ac&#8221; button_border_radius=&#8221;27px&#8221; background_layout=&#8221;dark&#8221; custom_margin=&#8221;0px||6px||false|false&#8221; custom_padding=&#8221;|80px||27px|false|false&#8221; global_colors_info=&#8221;{}&#8221;][\/et_pb_button][et_pb_button button_url=&#8221;https:\/\/club100online.com\/index.php\/autofagi_mag-tarmkanalen\/#video&#8221; button_text=&#8221;Magtarmkanalen&#8221; button_alignment=&#8221;left&#8221; _builder_version=&#8221;4.21.0&#8243; _module_preset=&#8221;default&#8221; custom_button=&#8221;on&#8221; button_text_size=&#8221;16px&#8221; button_text_color=&#8221;#FFFFFF&#8221; button_bg_color=&#8221;#d26060&#8243; button_border_radius=&#8221;27px&#8221; background_layout=&#8221;dark&#8221; custom_margin=&#8221;0px||6px||false|false&#8221; custom_padding=&#8221;|76px||27px|false|false&#8221; global_colors_info=&#8221;{}&#8221;][\/et_pb_button][et_pb_button button_url=&#8221;https:\/\/club100online.com\/index.php\/autofagi_vikten\/#video&#8221; button_text=&#8221;Normalisera vikten&#8221; button_alignment=&#8221;left&#8221; _builder_version=&#8221;4.21.0&#8243; _module_preset=&#8221;default&#8221; custom_button=&#8221;on&#8221; button_text_size=&#8221;16px&#8221; button_text_color=&#8221;#FFFFFF&#8221; button_bg_color=&#8221;#07c1ac&#8221; button_border_radius=&#8221;27px&#8221; background_layout=&#8221;dark&#8221; custom_margin=&#8221;0px||6px||false|false&#8221; custom_padding=&#8221;|59px||27px|false|false&#8221; global_colors_info=&#8221;{}&#8221;][\/et_pb_button][et_pb_button button_url=&#8221;https:\/\/club100online.com\/index.php\/boken-effektiv-andning-for-var-och-en\/&#8221; button_text=&#8221;Ladda ner boken&#8221; button_alignment=&#8221;left&#8221; _builder_version=&#8221;4.22.1&#8243; _module_preset=&#8221;default&#8221; custom_button=&#8221;on&#8221; button_text_size=&#8221;16px&#8221; button_text_color=&#8221;#FFFFFF&#8221; button_bg_color=&#8221;#006e7f&#8221; button_border_radius=&#8221;27px&#8221; background_layout=&#8221;dark&#8221; custom_margin=&#8221;0px||6px||false|false&#8221; custom_padding=&#8221;|75px||27px|false|false&#8221; global_colors_info=&#8221;{}&#8221;][\/et_pb_button][\/et_pb_column][et_pb_column type=&#8221;1_2&#8243; _builder_version=&#8221;4.16&#8243; _module_preset=&#8221;default&#8221; border_width_all=&#8221;1px&#8221; border_color_all=&#8221;#d9d9d9&#8243; global_colors_info=&#8221;{}&#8221;][et_pb_tabs active_tab_background_color=&#8221;#006e7f&#8221; inactive_tab_background_color=&#8221;#00b5b5&#8243; active_tab_text_color=&#8221;#FFFFFF&#8221; module_id=&#8221;video&#8221; _builder_version=&#8221;4.22.1&#8243; _module_preset=&#8221;default&#8221; tab_text_color=&#8221;#FFFFFF&#8221; background_color=&#8221;RGBA(255,255,255,0)&#8221; global_colors_info=&#8221;{}&#8221;][et_pb_tab title=&#8221;Fysisk \u00f6vning&#8221; _builder_version=&#8221;4.22.1&#8243; _module_preset=&#8221;default&#8221; tab_font=&#8221;ABeeZee||||||||&#8221; tab_font_size=&#8221;15px&#8221; background_color=&#8221;RGBA(255,255,255,0)&#8221; background_enable_color=&#8221;on&#8221; global_colors_info=&#8221;{}&#8221;]<\/p>\n<h1 style=\"text-align: center;\"><span style=\"color: #1e2e60;\"><span style=\"font-family: Calibri, serif;\"><span style=\"font-family: Helvetica, serif;\"><b>F\u00f6rb\u00e4ttra magtarmkanalen<\/b><\/span><\/span><\/span><\/h1>\n<h1><div class=\"pc_warn_box\">This is restricted content. You can buy the course in the store of the Health Club 100+<\/div>[\/et_pb_tab][et_pb_tab title=&#8221;Energetisk \u00f6vning&#8221; _builder_version=&#8221;4.22.1&#8243; _module_preset=&#8221;default&#8221; tab_font=&#8221;ABeeZee||||||||&#8221; tab_font_size=&#8221;15px&#8221; background_color=&#8221;#FFFFFF&#8221; background_enable_color=&#8221;on&#8221; global_colors_info=&#8221;{}&#8221;]<\/p>\n<h1 style=\"text-align: center;\"><span style=\"color: #1e2e60;\"><span style=\"font-family: Calibri, serif;\"><span style=\"font-family: Helvetica, serif;\"><b>F\u00f6rb\u00e4ttra magtarmkanalen<\/b><\/span><\/span><\/span><\/h1>\n<h1><div class=\"pc_warn_box\">This is restricted content. You can buy the course in the store of the Health Club 100+<\/div>[\/et_pb_tab][\/et_pb_tabs][\/et_pb_column][et_pb_column type=&#8221;1_4&#8243; _builder_version=&#8221;4.21.0&#8243; _module_preset=&#8221;default&#8221; background_color=&#8221;rgba(186,255,242,0.17)&#8221; border_width_all=&#8221;1px&#8221; border_color_all=&#8221;#d9d9d9&#8243; global_colors_info=&#8221;{}&#8221;][et_pb_text _builder_version=&#8221;4.21.0&#8243; _module_preset=&#8221;default&#8221; text_text_color=&#8221;#FFFFFF&#8221; header_2_font=&#8221;ABeeZee|700|||||||&#8221; header_2_text_align=&#8221;left&#8221; header_2_text_color=&#8221;#FFFFFF&#8221; header_2_font_size=&#8221;16px&#8221; background_color=&#8221;#006e7f&#8221; text_orientation=&#8221;justified&#8221; custom_padding=&#8221;9px||3px|14px|false|false&#8221; border_radii=&#8221;on|7px|7px|7px|7px&#8221; border_width_all=&#8221;1px&#8221; border_color_all=&#8221;#d9d9d9&#8243; global_colors_info=&#8221;{}&#8221;]<\/p>\n<h2>Andra \u00f6vningar<\/h2>\n<p>[\/et_pb_text][et_pb_text _builder_version=&#8221;4.21.0&#8243; _module_preset=&#8221;default&#8221; text_font=&#8221;ABeeZee||||||||&#8221; text_text_color=&#8221;#0C71C3&#8243; text_font_size=&#8221;15px&#8221; text_line_height=&#8221;1.5em&#8221; header_3_font_size=&#8221;17px&#8221; custom_margin=&#8221;||-2px||false|false&#8221; custom_padding=&#8221;0px|||24px|false|false&#8221; global_colors_info=&#8221;{}&#8221;]<\/p>\n<h3>Aktivering av lymfa<\/h3>\n<ul><\/ul>\n<p>[\/et_pb_text][et_pb_button button_url=&#8221;https:\/\/club100online.com\/index.php\/lymfa_i_ansikten\/#video&#8221; button_text=&#8221; I ansikten&#8221; _builder_version=&#8221;4.21.0&#8243; _module_preset=&#8221;default&#8221; custom_button=&#8221;on&#8221; button_text_size=&#8221;16px&#8221; button_text_color=&#8221;#FFFFFF&#8221; button_bg_color=&#8221;#07c1ac&#8221; button_border_radius=&#8221;27px&#8221; background_layout=&#8221;dark&#8221; custom_margin=&#8221;0px||6px||false|false&#8221; custom_padding=&#8221;4px|100px||27px|false|false&#8221; global_colors_info=&#8221;{}&#8221;][\/et_pb_button][et_pb_button button_url=&#8221;https:\/\/club100online.com\/index.php\/lymfa_i_ovre_delen\/#video&#8221; button_text=&#8221;I \u00f6vre delen &#8221; _builder_version=&#8221;4.21.0&#8243; _module_preset=&#8221;default&#8221; custom_button=&#8221;on&#8221; button_text_size=&#8221;16px&#8221; button_text_color=&#8221;#FFFFFF&#8221; button_bg_color=&#8221;#07c1ac&#8221; button_border_radius=&#8221;27px&#8221; background_layout=&#8221;dark&#8221; custom_margin=&#8221;0px||6px||false|false&#8221; custom_padding=&#8221;4px|85px||27px|false|false&#8221; global_colors_info=&#8221;{}&#8221;][\/et_pb_button][et_pb_button button_url=&#8221;https:\/\/club100online.com\/index.php\/lymfa_i_nedre_delen\/#video&#8221; button_text=&#8221;I nedre delen &#8221; _builder_version=&#8221;4.21.0&#8243; _module_preset=&#8221;default&#8221; custom_button=&#8221;on&#8221; button_text_size=&#8221;16px&#8221; button_text_color=&#8221;#FFFFFF&#8221; button_bg_color=&#8221;#07c1ac&#8221; button_border_radius=&#8221;27px&#8221; background_layout=&#8221;dark&#8221; custom_margin=&#8221;0px||6px||false|false&#8221; custom_padding=&#8221;4px|74px||27px|false|false&#8221; global_colors_info=&#8221;{}&#8221;][\/et_pb_button][et_pb_button button_url=&#8221;https:\/\/club100online.com\/index.php\/lymfa_i_ben\/#video&#8221; button_text=&#8221;I benen&#8221; _builder_version=&#8221;4.21.0&#8243; _module_preset=&#8221;default&#8221; custom_button=&#8221;on&#8221; button_text_size=&#8221;16px&#8221; button_text_color=&#8221;#FFFFFF&#8221; button_bg_color=&#8221;#07c1ac&#8221; button_border_radius=&#8221;27px&#8221; background_layout=&#8221;dark&#8221; custom_margin=&#8221;0px||6px||false|false&#8221; custom_padding=&#8221;4px|118px||27px|false|false&#8221; global_colors_info=&#8221;{}&#8221;][\/et_pb_button][et_pb_text _builder_version=&#8221;4.21.0&#8243; _module_preset=&#8221;default&#8221; text_font=&#8221;ABeeZee||||||||&#8221; text_text_color=&#8221;#0C71C3&#8243; text_font_size=&#8221;15px&#8221; text_line_height=&#8221;1.5em&#8221; header_3_font_size=&#8221;17px&#8221; custom_margin=&#8221;18px||-8px||false|false&#8221; custom_padding=&#8221;|||21px|false|false&#8221; global_colors_info=&#8221;{}&#8221;]<\/p>\n<h3>Sp\u00e4nning-avslappning<\/h3>\n<ul><\/ul>\n<p>[\/et_pb_text][et_pb_button button_url=&#8221;https:\/\/club100online.com\/index.php\/avslappning_nacken\/#video&#8221; button_text=&#8221;F\u00f6r nacken&#8221; _builder_version=&#8221;4.21.0&#8243; _module_preset=&#8221;default&#8221; custom_button=&#8221;on&#8221; button_text_size=&#8221;16px&#8221; button_text_color=&#8221;#FFFFFF&#8221; button_bg_color=&#8221;#07c1ac&#8221; button_border_radius=&#8221;27px&#8221; background_layout=&#8221;dark&#8221; custom_margin=&#8221;0px||6px||false|false&#8221; custom_padding=&#8221;4px|90px||27px|false|false&#8221; global_colors_info=&#8221;{}&#8221;][\/et_pb_button][et_pb_button button_url=&#8221;https:\/\/club100online.com\/index.php\/avslappning_axlar\/#video&#8221; button_text=&#8221;F\u00f6r axlarna&#8221; _builder_version=&#8221;4.21.0&#8243; _module_preset=&#8221;default&#8221; custom_button=&#8221;on&#8221; button_text_size=&#8221;16px&#8221; button_text_color=&#8221;#FFFFFF&#8221; button_bg_color=&#8221;#07c1ac&#8221; button_border_radius=&#8221;27px&#8221; background_layout=&#8221;dark&#8221; custom_margin=&#8221;0px||6px||false|false&#8221; custom_padding=&#8221;4px|87px||27px|false|false&#8221; global_colors_info=&#8221;{}&#8221;][\/et_pb_button][et_pb_button button_url=&#8221;https:\/\/club100online.com\/index.php\/avslappning_buken\/#video&#8221; button_text=&#8221;F\u00f6r buken&#8221; _builder_version=&#8221;4.21.0&#8243; _module_preset=&#8221;default&#8221; custom_button=&#8221;on&#8221; button_text_size=&#8221;16px&#8221; button_text_color=&#8221;#FFFFFF&#8221; button_bg_color=&#8221;#07c1ac&#8221; button_border_radius=&#8221;27px&#8221; background_layout=&#8221;dark&#8221; custom_margin=&#8221;0px||6px||false|false&#8221; custom_padding=&#8221;4px|97px||27px|false|false&#8221; global_colors_info=&#8221;{}&#8221;][\/et_pb_button][et_pb_button button_url=&#8221;https:\/\/club100online.com\/index.php\/avslappning_larar\/#video&#8221; button_text=&#8221;F\u00f6r l\u00e5ren&#8221; _builder_version=&#8221;4.22.1&#8243; _module_preset=&#8221;default&#8221; custom_button=&#8221;on&#8221; button_text_size=&#8221;16px&#8221; button_text_color=&#8221;#FFFFFF&#8221; button_bg_color=&#8221;#07c1ac&#8221; button_border_radius=&#8221;27px&#8221; background_layout=&#8221;dark&#8221; custom_margin=&#8221;0px||6px||false|false&#8221; custom_padding=&#8221;4px|90px||27px|false|false&#8221; hover_enabled=&#8221;0&#8243; global_colors_info=&#8221;{}&#8221; sticky_enabled=&#8221;0&#8243;][\/et_pb_button][\/et_pb_column][\/et_pb_row][\/et_pb_section]<\/p>\n","protected":false},"excerpt":{"rendered":"<p>Aktivera autofagi och kroppens viktiga funktionerHuvud \u00f6vningarF\u00f6rb\u00e4ttra magtarmkanalen <div class=\"pc_warn_box\">This is restricted content. You can buy the course in the store of the Health Club 100+<\/div>F\u00f6rb\u00e4ttra magtarmkanalen <div class=\"pc_warn_box\">This is restricted content. You can buy the course in the store of the Health Club 100+<\/div>Andra [&hellip;]<\/p>\n","protected":false},"author":1,"featured_media":0,"parent":0,"menu_order":0,"comment_status":"closed","ping_status":"closed","template":"","meta":{"_et_pb_use_builder":"on","_et_pb_old_content":"","_et_gb_content_width":"","footnotes":""},"class_list":["post-5207","page","type-page","status-publish","hentry"],"_links":{"self":[{"href":"https:\/\/club100online.com\/index.php\/wp-json\/wp\/v2\/pages\/5207","targetHints":{"allow":["GET"]}}],"collection":[{"href":"https:\/\/club100online.com\/index.php\/wp-json\/wp\/v2\/pages"}],"about":[{"href":"https:\/\/club100online.com\/index.php\/wp-json\/wp\/v2\/types\/page"}],"author":[{"embeddable":true,"href":"https:\/\/club100online.com\/index.php\/wp-json\/wp\/v2\/users\/1"}],"replies":[{"embeddable":true,"href":"https:\/\/club100online.com\/index.php\/wp-json\/wp\/v2\/comments?post=5207"}],"version-history":[{"count":8,"href":"https:\/\/club100online.com\/index.php\/wp-json\/wp\/v2\/pages\/5207\/revisions"}],"predecessor-version":[{"id":5777,"href":"https:\/\/club100online.com\/index.php\/wp-json\/wp\/v2\/pages\/5207\/revisions\/5777"}],"wp:attachment":[{"href":"https:\/\/club100online.com\/index.php\/wp-json\/wp\/v2\/media?parent=5207"}],"curies":[{"name":"wp","href":"https:\/\/api.w.org\/{rel}","templated":true}]}}